{"id":4489,"date":"2025-08-25T17:08:45","date_gmt":"2025-08-25T17:08:45","guid":{"rendered":"https:\/\/dehoeksteen-haren.nl\/?page_id=4489"},"modified":"2025-08-25T17:08:45","modified_gmt":"2025-08-25T17:08:45","slug":"onze-kerk","status":"publish","type":"page","link":"https:\/\/ontwikkel.dehoeksteen-haren.nl\/en\/homepagina\/wie-zijn-wij\/onze-kerk\/","title":{"rendered":"Onze kerk"},"content":{"rendered":"<p>De Hoeksteen is ontstaan in een roerige periode, eind jaren 60 van de vorige eeuw. Eerst als zogenaamde \u201cbuitenverbanders\u201d, werd de naam in 1979 Nederlands Gereformeerde Kerk (NGK). NGK De Hoeksteen was een kleine maar hechte gemeenschap. Omwille van de continu\u00efteit was het echter wenselijk om te zoeken naar samenwerking.<\/p>\n<p>In januari 2003 werd een samenwerkingsovereenkomst getekend tussen de CGK Groningen en de NGK Haren. Het doel van de samenwerking tussen beide kerken was om gezamenlijk kerk te zijn en om te getuigen van Jezus Christus in Haren \u00e9n Groningen. Vanaf dat moment groeide de gemeente van De Hoeksteen gestaag. Per 1 januari 2020 werd deze samenwerking verder ge\u00ebffectueerd, waarbij ook de financi\u00ebn volledig werden ge\u00efntegreerd.<\/p>\n<p>De Hoeksteen werd steeds meer een zelfstandige gemeente met een eigen pluriforme identiteit. Op diverse gemeentevergaderingen en in overleggen met de CGK Groningen bleek, dat de tijd rijp was om als zelfstandige CGK-NGK De Hoeksteen verder te gaan.<\/p>\n<p>Op zondag 24 maart 2024 werd in een speciale dienst de zelfstandige CGK-NGK De Hoeksteen ge\u00efnstitueerd. De Hoeksteen heeft tot op de dag van vandaag nauwe banden met de CGK Groningen, waarbij de predikant in deeltijd werkt voor beide gemeentes.<\/p>","protected":false},"excerpt":{"rendered":"<p>De Hoeksteen is ontstaan in een roerige periode, eind jaren 60 van de vorige eeuw. Eerst als zogenaamde \u201cbuitenverbanders\u201d, werd de naam in 1979 Nederlands Gereformeerde Kerk (NGK). NGK De Hoeksteen was een kleine maar hechte gemeenschap. Omwille van de continu\u00efteit was het echter wenselijk om te zoeken naar samenwerking. In januari 2003 werd een [&hellip;]<\/p>","protected":false},"author":1,"featured_media":0,"parent":51,"menu_order":0,"comment_status":"closed","ping_status":"closed","template":"","meta":{"footnotes":""},"class_list":["post-4489","page","type-page","status-publish","hentry"],"_links":{"self":[{"href":"https:\/\/ontwikkel.dehoeksteen-haren.nl\/en\/wp-json\/wp\/v2\/pages\/4489","targetHints":{"allow":["GET"]}}],"collection":[{"href":"https:\/\/ontwikkel.dehoeksteen-haren.nl\/en\/wp-json\/wp\/v2\/pages"}],"about":[{"href":"https:\/\/ontwikkel.dehoeksteen-haren.nl\/en\/wp-json\/wp\/v2\/types\/page"}],"author":[{"embeddable":true,"href":"https:\/\/ontwikkel.dehoeksteen-haren.nl\/en\/wp-json\/wp\/v2\/users\/1"}],"replies":[{"embeddable":true,"href":"https:\/\/ontwikkel.dehoeksteen-haren.nl\/en\/wp-json\/wp\/v2\/comments?post=4489"}],"version-history":[{"count":0,"href":"https:\/\/ontwikkel.dehoeksteen-haren.nl\/en\/wp-json\/wp\/v2\/pages\/4489\/revisions"}],"up":[{"embeddable":true,"href":"https:\/\/ontwikkel.dehoeksteen-haren.nl\/en\/wp-json\/wp\/v2\/pages\/51"}],"wp:attachment":[{"href":"https:\/\/ontwikkel.dehoeksteen-haren.nl\/en\/wp-json\/wp\/v2\/media?parent=4489"}],"curies":[{"name":"wp","href":"https:\/\/api.w.org\/{rel}","templated":true}]}}